{"id":317,"date":"2020-01-30T10:50:12","date_gmt":"2020-01-30T09:50:12","guid":{"rendered":"http:\/\/transpool.pl\/?page_id=317"},"modified":"2022-07-12T11:51:00","modified_gmt":"2022-07-12T09:51:00","slug":"realizacje","status":"publish","type":"page","link":"https:\/\/transpool.pl\/en\/transport\/realizacje\/","title":{"rendered":"Realizations"},"content":{"rendered":"<h3>Transpool took part in the organization of events: <\/h3>\n\n\n\n<h4> Festivals:<\/h4>\n\n\n\n<ul><li>Audioriver P\u0142ock<\/li><li>Off Festival Katowice<\/li><li>Krak\u00f3w Life Festival<\/li><li>Olsztyn Green Festival<\/li><li>Ostr\u00f3da Dance Music Festival<\/li><li>Open&#8217;er Gdynia<\/li><li>Orange Warsaw Festival <\/li><li>SnowFest Festival Szczyrk<\/li><li>Jastrz\u0119bia G\u00f3ra Whiskey Festival<\/li><\/ul>\n\n\n\n<h4> Concerts:<\/h4>\n\n\n\n<ul><li>Metallica<\/li><li>Depeche Mode<\/li><li>Lenny Kravitz<\/li><li>AC\/DC<\/li><\/ul>\n\n\n\n<h4> Media events:<\/h4>\n\n\n\n<ul><li>Red Bull Flight Competition<\/li><li>Fashion Week Poland<\/li><li>Gala roses <\/li><\/ul>\n\n\n\n<p>Od fachowej zabudowy stoisk targowych, przez przew\u00f3z nawet najbardziej wra\u017cliwego na uszkodzenia sprz\u0119tu nag\u0142o\u015bnieniowego, a\u017c po specjalistyczne doradztwo w kwestiach logistycznych. Firma Transpool z siedzib\u0105 w Warszawie to Tw\u00f3j do\u015bwiadczony partner, kt\u00f3ry wyr\u0119czy Ci\u0119 w m.in. takich zadaniach jak transport wyposa\u017cenia na eventy czy obs\u0142uga techniczna koncertu. Wystarczy zerkn\u0105\u0107 na imponuj\u0105c\u0105 list\u0119 naszych realizacji \u2013 zaufali nam organizatorzy najwi\u0119kszych imprez plenerowych w Polsce, wi\u0119c na pewno b\u0119dziemy w stanie spe\u0142ni\u0107 r\u00f3wnie\u017c Twoje oczekiwania!<\/p>\n\n\n\n<h2>Obs\u0142uga techniczna wydarze\u0144 na najwy\u017cszym europejskim poziomie<\/h2>\n\n\n\n<p>Ka\u017cdy organizator zdaje sobie spraw\u0119, jak wymagaj\u0105cym z logistycznego punktu widzenia przedsi\u0119wzi\u0119ciem potrafi by\u0107 transport wyposa\u017cenia na koncerty s\u0142ynnych grup muzycznych. Kluczem do optymalizacji koszt\u00f3w w tym obszarze jest zatrudnienie zespo\u0142u profesjonalist\u00f3w, kt\u00f3rzy nie dosy\u0107, \u017ce dostarcz\u0105 we wskazane miejsce ca\u0142y niezb\u0119dny sprz\u0119t o\u015bwietleniowy czy nag\u0142o\u015bnieniowy w nienaruszonym stanie, to jeszcze zapewni\u0105 jego monta\u017c i demonta\u017c zgodnie ze wskazaniami zamawiaj\u0105cego.<\/p>\n\n\n\n<p>Stawiaj\u0105c na us\u0142ugi \u015bwiadczone przez Transpool, dok\u0142adasz kolejn\u0105 cegie\u0142k\u0119 do p\u0142ynnego przebiegu ca\u0142ej imprezy. Dzi\u0119ki wieloletniemu do\u015bwiadczeniu w obs\u0142udze technicznej wydarze\u0144 o r\u00f3\u017cnej specyfice, zawsze potrafimy bowiem odpowiednio dobra\u0107 rozwi\u0105zania do indywidualnych potrzeb naszych Klient\u00f3w.<\/p>\n\n\n\n<h2>Bezpieczny transport wyposa\u017cenia na Tw\u00f3j event<\/h2>\n\n\n\n<p>Us\u0142ugi naszego przedsi\u0119biorstwa obejmuje w szczeg\u00f3lno\u015bci:<\/p>\n\n\n\n<ul><li>transport wyposa\u017cenia eventowego, w tym wielkogabarytowych przedmiot\u00f3w i urz\u0105dze\u0144 technicznych, np. element\u00f3w scen, dekoracji, wideorejestrator\u00f3w a tak\u017ce palet czy skrzy\u0144 z zaopatrzeniem<\/li><li>roz\u0142adunek i za\u0142adunek sprz\u0119tu zgodnie z wytycznymi organizatora<\/li><li>monta\u017c i demonta\u017c stoisk gastronomicznych, targowych i innych<\/li><li>bie\u017c\u0105c\u0105 obs\u0142ug\u0119 techniczn\u0105<\/li><li>wsparcie w przygotowaniu planu logistycznego<\/li><\/ul>\n\n\n\n<p>Je\u017celi potrzebujesz szczeg\u00f3\u0142owych informacji na temat naszej floty do transportu wyposa\u017cenia na koncerty, eventy plenerowe, konferencje i wydarzenia medialne, serdecznie zach\u0119camy do kontaktu. Postaw na us\u0142ugi monta\u017cowe i profesjonaln\u0105 obs\u0142ug\u0119 techniczn\u0105 o najlepszym stosunku ceny do jako\u015bci na rynku, wybierz Transpool!<\/p>","protected":false},"excerpt":{"rendered":"<p>Firma Transpool bra\u0142a udzia\u0142 w organizacji wydarze\u0144: Festiwale: Audioriver P\u0142ock Off Festival Katowice Krak\u00f3w Life Festival Olsztyn Green Festival Festiwal Muzyki Tanecznej Ostr\u00f3da Open&#8217;er Gdynia Orange Warsaw Festival SnowFest Festival Szczyrk Festiwal Whisky Jastrz\u0119bia G\u00f3ra Koncerty: Metallica Depeche Mode Lenny Kravitz AC\/DC Wydarzenia medialne: Konkurs Lot\u00f3w Red Bull Fashion Week [&hellip;]<\/p>","protected":false},"author":1,"featured_media":426,"parent":88,"menu_order":0,"comment_status":"closed","ping_status":"closed","template":"","meta":[],"_links":{"self":[{"href":"https:\/\/transpool.pl\/en\/wp-json\/wp\/v2\/pages\/317"}],"collection":[{"href":"https:\/\/transpool.pl\/en\/wp-json\/wp\/v2\/pages"}],"about":[{"href":"https:\/\/transpool.pl\/en\/wp-json\/wp\/v2\/types\/page"}],"author":[{"embeddable":true,"href":"https:\/\/transpool.pl\/en\/wp-json\/wp\/v2\/users\/1"}],"replies":[{"embeddable":true,"href":"https:\/\/transpool.pl\/en\/wp-json\/wp\/v2\/comments?post=317"}],"version-history":[{"count":7,"href":"https:\/\/transpool.pl\/en\/wp-json\/wp\/v2\/pages\/317\/revisions"}],"predecessor-version":[{"id":587,"href":"https:\/\/transpool.pl\/en\/wp-json\/wp\/v2\/pages\/317\/revisions\/587"}],"up":[{"embeddable":true,"href":"https:\/\/transpool.pl\/en\/wp-json\/wp\/v2\/pages\/88"}],"wp:featuredmedia":[{"embeddable":true,"href":"https:\/\/transpool.pl\/en\/wp-json\/wp\/v2\/media\/426"}],"wp:attachment":[{"href":"https:\/\/transpool.pl\/en\/wp-json\/wp\/v2\/media?parent=317"}],"curies":[{"name":"wp","href":"https:\/\/api.w.org\/{rel}","templated":true}]}}