{"id":36,"date":"2020-01-10T20:22:02","date_gmt":"2020-01-10T19:22:02","guid":{"rendered":"http:\/\/transpool.pl\/?page_id=36"},"modified":"2021-07-09T11:08:23","modified_gmt":"2021-07-09T09:08:23","slug":"flota","status":"publish","type":"page","link":"https:\/\/transpool.pl\/en\/transport\/flota\/","title":{"rendered":"Car fleet"},"content":{"rendered":"<h2>Transport car fleet<\/h2>\n\n\n\n<p><strong>The TRANSPOOL company has a fleet of vehicles with a cubature enabling the transport of goods of various sizes.<\/strong>&nbsp;In addition, all cars are equipped with protective materials, i.e. straps, sponges, cardboard spacers. We also provide transport trolleys, which are selected individually to the order.&nbsp;<strong>At the customer's request, we can supply the vehicle (for an additional fee) with packaging materials, such as cartons, bubble wrap, and stretch wrap.<\/strong>&nbsp;Thanks to this, we can carry out very diverse orders in a professional manner and in accordance with applicable regulations.<\/p>\n\n\n\n<div class=\"wp-block-image\"><figure class=\"aligncenter size-large is-resized\"><img loading=\"lazy\" src=\"https:\/\/transpool.pl\/wp-content\/uploads\/2020\/01\/4385863_466195753_iveco-35-35c12-.jpg\" alt=\"iveco transport\" class=\"wp-image-174\" width=\"248\" height=\"186\" srcset=\"https:\/\/transpool.pl\/wp-content\/uploads\/2020\/01\/4385863_466195753_iveco-35-35c12-.jpg 1024w, https:\/\/transpool.pl\/wp-content\/uploads\/2020\/01\/4385863_466195753_iveco-35-35c12--300x225.jpg 300w, https:\/\/transpool.pl\/wp-content\/uploads\/2020\/01\/4385863_466195753_iveco-35-35c12--768x576.jpg 768w\" sizes=\"(max-width: 248px) 100vw, 248px\" \/><figcaption> Iveco Daily <\/figcaption><\/figure><\/div>\n\n\n\n<p><strong>We guarantee safe transport of loads with a vehicle suited to the nature of the order and equipped with a GPS monitoring system.<\/strong>&nbsp;These types of solutions are found in each of our cars, which allows you to supervise the work of drivers.<\/p>\n\n\n\n<div class=\"wp-block-image\"><figure class=\"aligncenter size-large is-resized\"><img loading=\"lazy\" src=\"https:\/\/transpool.pl\/wp-content\/uploads\/2020\/01\/i-fiat-ducato-iii-2008-diesel-100km-van-minibus-zolty-1024x768.jpg\" alt=\"\" class=\"wp-image-170\" width=\"256\" height=\"192\" srcset=\"https:\/\/transpool.pl\/wp-content\/uploads\/2020\/01\/i-fiat-ducato-iii-2008-diesel-100km-van-minibus-zolty-1024x768.jpg 1024w, https:\/\/transpool.pl\/wp-content\/uploads\/2020\/01\/i-fiat-ducato-iii-2008-diesel-100km-van-minibus-zolty-300x225.jpg 300w, https:\/\/transpool.pl\/wp-content\/uploads\/2020\/01\/i-fiat-ducato-iii-2008-diesel-100km-van-minibus-zolty-768x576.jpg 768w, https:\/\/transpool.pl\/wp-content\/uploads\/2020\/01\/i-fiat-ducato-iii-2008-diesel-100km-van-minibus-zolty-1536x1152.jpg 1536w, https:\/\/transpool.pl\/wp-content\/uploads\/2020\/01\/i-fiat-ducato-iii-2008-diesel-100km-van-minibus-zolty.jpg 1920w\" sizes=\"(max-width: 256px) 100vw, 256px\" \/><figcaption> Fiat Ducato <\/figcaption><\/figure><\/div>\n\n\n\n<p>Bearing in mind the best implementation standards, we select the car in terms of, above all, payload and volume. We provide services mainly in Warsaw, but we also provide domestic transport.&nbsp;<\/p>\n\n\n\n<div class=\"wp-block-image\"><figure class=\"aligncenter size-large is-resized\"><img loading=\"lazy\" src=\"https:\/\/transpool.pl\/wp-content\/uploads\/2020\/01\/vw-lt-46-kontener-2-8-158-ful-opcja-salon-polska.jpg\" alt=\"Volkswagen LT\" class=\"wp-image-173\" width=\"255\" height=\"227\" srcset=\"https:\/\/transpool.pl\/wp-content\/uploads\/2020\/01\/vw-lt-46-kontener-2-8-158-ful-opcja-salon-polska.jpg 407w, https:\/\/transpool.pl\/wp-content\/uploads\/2020\/01\/vw-lt-46-kontener-2-8-158-ful-opcja-salon-polska-300x268.jpg 300w\" sizes=\"(max-width: 255px) 100vw, 255px\" \/><figcaption>Volkswagen LT<\/figcaption><\/figure><\/div>\n\n\n\n<p><strong>Our fleet includes vehicles with the following dimensions:<\/strong><\/p>\n\n\n\n<ul><li><strong>Iveco Daily<\/strong>&nbsp;- with a loading lift with a load capacity of 750 kg in container construction; the car is equipped with a pallet truck; loading space dimensions: 4.20 length 2.10 width 2.20 height<\/li><li><strong>Volkswagen LT<\/strong>&nbsp;- with a loading lift with a load capacity of 750 kg in container construction; the car is equipped with a pallet truck; loading space dimensions: 4.20 length 2.10 width 2.20 height<\/li><li><strong>Fiat Ducato<\/strong>&nbsp;- loading space dimensions 3.70 length 1.80 width 1.80 height<\/li><li><strong>Fiat Ducato<\/strong>&nbsp;- loading space dimensions 3.70 length 1.80 width 1.80 height<\/li><\/ul>","protected":false},"excerpt":{"rendered":"<p>Flota samochod\u00f3w transportowych Firma TRANSPOOL posiada flot\u0119 pojazd\u00f3w o kubaturze umo\u017cliwiaj\u0105cej przew\u00f3z r\u00f3\u017cnej wielko\u015bci towar\u00f3w.&nbsp;Ponadto wszystkie auta wyposa\u017cone s\u0105 w materia\u0142y zabezpieczaj\u0105ce, tj. pasy mocuj\u0105ce, g\u0105bki, przek\u0142adki tekturowe. Zapewniamy tak\u017ce w\u00f3zki transportowe, kt\u00f3re dobierane s\u0105 indywidualnie do zlecenia.&nbsp;Na \u017cyczenie Klienta mo\u017cemy zaopatrzy\u0107 pojazd (za dodatkow\u0105 op\u0142at\u0105) w materia\u0142y pakowe, jak [&hellip;]<\/p>","protected":false},"author":1,"featured_media":260,"parent":88,"menu_order":0,"comment_status":"closed","ping_status":"closed","template":"","meta":[],"_links":{"self":[{"href":"https:\/\/transpool.pl\/en\/wp-json\/wp\/v2\/pages\/36"}],"collection":[{"href":"https:\/\/transpool.pl\/en\/wp-json\/wp\/v2\/pages"}],"about":[{"href":"https:\/\/transpool.pl\/en\/wp-json\/wp\/v2\/types\/page"}],"author":[{"embeddable":true,"href":"https:\/\/transpool.pl\/en\/wp-json\/wp\/v2\/users\/1"}],"replies":[{"embeddable":true,"href":"https:\/\/transpool.pl\/en\/wp-json\/wp\/v2\/comments?post=36"}],"version-history":[{"count":8,"href":"https:\/\/transpool.pl\/en\/wp-json\/wp\/v2\/pages\/36\/revisions"}],"predecessor-version":[{"id":477,"href":"https:\/\/transpool.pl\/en\/wp-json\/wp\/v2\/pages\/36\/revisions\/477"}],"up":[{"embeddable":true,"href":"https:\/\/transpool.pl\/en\/wp-json\/wp\/v2\/pages\/88"}],"wp:featuredmedia":[{"embeddable":true,"href":"https:\/\/transpool.pl\/en\/wp-json\/wp\/v2\/media\/260"}],"wp:attachment":[{"href":"https:\/\/transpool.pl\/en\/wp-json\/wp\/v2\/media?parent=36"}],"curies":[{"name":"wp","href":"https:\/\/api.w.org\/{rel}","templated":true}]}}