{"id":41,"date":"2020-01-10T20:27:05","date_gmt":"2020-01-10T19:27:05","guid":{"rendered":"http:\/\/transpool.pl\/?page_id=41"},"modified":"2022-02-01T20:49:11","modified_gmt":"2022-02-01T19:49:11","slug":"cennik","status":"publish","type":"page","link":"https:\/\/transpool.pl\/en\/transport\/cennik\/","title":{"rendered":"Price list"},"content":{"rendered":"<h2>Price list for transport, removal and transport services<\/h2>\n\n\n\n<p>We provide transport services providing a favorable price offer. For those interested in using our transports we have prepared a price list including the most important fees related to the provision of the service.&nbsp;<strong>Final costs depend primarily on the vehicle model chosen and the route length.<\/strong>&nbsp;After completing the application form or after contacting us by phone, we set the individual pricing of the service.&nbsp;<strong>The cost estimate is prepared separately for each order. <\/strong> <strong>For regular customers<\/strong> <strong>we can offer attractive discounts.<\/strong> <\/p>\n\n\n\n<hr class=\"wp-block-separator\"\/>\n\n\n\n<h3><strong>PRICE LIST FOR CARS:&nbsp;<\/strong><\/h3>\n\n\n\n<h4><strong>IVECO DAILY<\/strong><br><strong>VOLKSWAGEN LT<\/strong> <\/h4>\n\n\n\n<figure class=\"wp-block-table\"><table><tbody><tr><td><strong>Podstawienie auta na terenie Warszawy w promieniu 15 km<br><\/strong><\/td><td><strong>FREE<\/strong><br><\/td><\/tr><tr><td><strong>Every hour started in Warsaw with an active driver<\/strong><br><\/td><td><strong>\u00a085 z\u0142<\/strong><br><\/td><\/tr><tr><td><strong>Another person to help<\/strong><\/td><td><strong>\u00a035 z\u0142<\/strong><br><\/td><\/tr><tr><td><strong>National transport<\/strong><br><\/td><td><strong>\u00a01.60 PLN \/ km\u00a0\u00a0\u00a0\u00a0\u00a0\u00a0\u00a0\u00a0\u00a0\u00a0\u00a0\u00a0\u00a0\u00a0\u00a0\u00a0\u00a0\u00a0\u00a0 \u00a0 \u00a0 \u00a0 \u00a0 \u00a0 \u00a0 \u00a0 \u00a0 \u00a0\u00a0 \u00a0\u00a0\u00a0\u00a0\u00a0\u00a0\u00a0\u00a0\u00a0\u00a0\u00a0\u00a0\u00a0\u00a0\u00a0\u00a0\u00a0\u00a0\u00a0\u00a0\u00a0<\/strong><br><\/td><\/tr><tr><td><strong>The minimum amount for the service rendered<\/strong><br><\/td><td><strong>&nbsp;PLN 200<\/strong><\/td><\/tr><\/tbody><\/table><\/figure>\n\n\n\n<hr class=\"wp-block-separator\"\/>\n\n\n\n<h4><strong>FIAT DUCATO <\/strong>(3,7m x 1,8m x 1,8m)<br>RENAULT MASTER<strong> <\/strong>(3,6m x 1,8m x 1,9m)<\/h4>\n\n\n\n<figure class=\"wp-block-table\"><table><tbody><tr><td><strong>Podstawienie auta na terenie Warszawy w promieniu 15 km<br><\/strong><\/td><td><strong>FREE<\/strong><br><\/td><\/tr><tr><td><strong>Every hour started in Warsaw with an active driver<\/strong><br><\/td><td><strong>\u00a0PLN 75<\/strong><br><\/td><\/tr><tr><td><strong>Another person to help<\/strong><\/td><td><strong>\u00a035 z\u0142<\/strong><br><\/td><\/tr><tr><td><strong>National transport<\/strong><br><\/td><td><strong>\u00a01.40 PLN \/ km\u00a0\u00a0\u00a0\u00a0\u00a0\u00a0\u00a0\u00a0\u00a0\u00a0\u00a0\u00a0\u00a0\u00a0\u00a0\u00a0\u00a0\u00a0\u00a0 \u00a0 \u00a0 \u00a0 \u00a0 \u00a0 \u00a0 \u00a0 \u00a0 \u00a0\u00a0 \u00a0\u00a0\u00a0\u00a0\u00a0\u00a0\u00a0\u00a0\u00a0\u00a0\u00a0\u00a0\u00a0\u00a0\u00a0\u00a0\u00a0\u00a0\u00a0\u00a0\u00a0<\/strong><br><\/td><\/tr><tr><td><strong>The minimum amount for the service rendered<\/strong><br><\/td><td><strong>&nbsp;PLN 150<\/strong><\/td><\/tr><\/tbody><\/table><\/figure>\n\n\n\n<hr class=\"wp-block-separator\"\/>\n\n\n\n<p> <strong>NOTE In the case of a route, the kilometer rate is charged both ways.<\/strong> <\/p>\n\n\n\n<p class=\"has-small-font-size\"> * all prices are net prices. <\/p>","protected":false},"excerpt":{"rendered":"<p>Cennik us\u0142ug transportowych, przeprowadzek i przewoz\u00f3w Realizujemy us\u0142ugi transportowe zapewniaj\u0105c korzystn\u0105 ofert\u0119 cenow\u0105. Dla os\u00f3b zainteresowanych skorzystaniem z naszych przewoz\u00f3w przygotowali\u015bmy cennik uwzgl\u0119dniaj\u0105cy najwa\u017cniejsze op\u0142aty zwi\u0105zane z realizacj\u0105 \u015bwiadczenia.&nbsp;Koszty ostateczne uzale\u017cnione s\u0105 przede wszystkim od wybranego modelu pojazdu i d\u0142ugo\u015bci trasy.&nbsp;Po wype\u0142nieniu formularza zg\u0142oszeniowego lub po kontakcie telefonicznym z nasz\u0105 [&hellip;]<\/p>","protected":false},"author":1,"featured_media":275,"parent":88,"menu_order":0,"comment_status":"closed","ping_status":"closed","template":"","meta":[],"_links":{"self":[{"href":"https:\/\/transpool.pl\/en\/wp-json\/wp\/v2\/pages\/41"}],"collection":[{"href":"https:\/\/transpool.pl\/en\/wp-json\/wp\/v2\/pages"}],"about":[{"href":"https:\/\/transpool.pl\/en\/wp-json\/wp\/v2\/types\/page"}],"author":[{"embeddable":true,"href":"https:\/\/transpool.pl\/en\/wp-json\/wp\/v2\/users\/1"}],"replies":[{"embeddable":true,"href":"https:\/\/transpool.pl\/en\/wp-json\/wp\/v2\/comments?post=41"}],"version-history":[{"count":13,"href":"https:\/\/transpool.pl\/en\/wp-json\/wp\/v2\/pages\/41\/revisions"}],"predecessor-version":[{"id":569,"href":"https:\/\/transpool.pl\/en\/wp-json\/wp\/v2\/pages\/41\/revisions\/569"}],"up":[{"embeddable":true,"href":"https:\/\/transpool.pl\/en\/wp-json\/wp\/v2\/pages\/88"}],"wp:featuredmedia":[{"embeddable":true,"href":"https:\/\/transpool.pl\/en\/wp-json\/wp\/v2\/media\/275"}],"wp:attachment":[{"href":"https:\/\/transpool.pl\/en\/wp-json\/wp\/v2\/media?parent=41"}],"curies":[{"name":"wp","href":"https:\/\/api.w.org\/{rel}","templated":true}]}}