{"id":418,"date":"2020-03-08T13:36:41","date_gmt":"2020-03-08T12:36:41","guid":{"rendered":"http:\/\/transpool.pl\/?page_id=418"},"modified":"2021-07-09T11:15:34","modified_gmt":"2021-07-09T09:15:34","slug":"transport-warszawa","status":"publish","type":"page","link":"https:\/\/transpool.pl\/en\/transport-warszawa\/","title":{"rendered":"Transport services and cheap transport"},"content":{"rendered":"<h3 style=\"text-align:justify\">Dlaczego warto skorzysta\u0107 z oferty na us\u0142ugi transportowe firmy Transpool?<\/h3>\n\n\n\n<p style=\"text-align:justify\">Jako firma transportowa posiadamy wszystkie atuty, kt\u00f3re pozwalaj\u0105 nam na realizacj\u0119 us\u0142ug na najwy\u017cszym poziomie i efektywn\u0105 wsp\u00f3\u0142prac\u0119 zar\u00f3wno z osobami prywatnymi, jak i przedsi\u0119biorstwami.<\/p>\n\n\n\n<p>Here are some of the most important reasons:<\/p>\n\n\n<ul style=\"text-align:justify\">\n<li>tworzymy zesp\u00f3\u0142 do\u015bwiadczonych fachowc\u00f3w, kt\u00f3rzy zadbaj\u0105 o najwy\u017cszy komfort swoich Klient\u00f3w,<\/li>\n<li>proponujemy im szybki, sprawny i przede wszystkim tani przew\u00f3z mebli, wyposa\u017cenia czy pojedynczych przedmiot\u00f3w w tym tak\u017ce artyku\u0142\u00f3w gospodarstwo domowego,<\/li>\n<li>we know very well how to secure goods while driving, we will help to pack and foil them, thanks to which even delicate elements will remain unscathed,<\/li>\n<li>nasza firma przewozowa wykorzystuje jedynie nowoczesne urz\u0105dzenia i pojazdy dostosowane specjalnie do cel\u00f3w przeprowadzonych.<\/li>\n<\/ul>\n<p style=\"text-align:justify\">Przeprowadzki oraz transport wi\u0119kszych przedmiot\u00f3w to skomplikowane, m\u0119cz\u0105ce przedsi\u0119wzi\u0119cia. Przenoszenie du\u017cych i ci\u0119\u017ckich przedmiot\u00f3w mo\u017ce by\u0107 wyczerpuj\u0105ce. Bardzo \u0142atwo r\u00f3wnie\u017c je wtedy uszkodzi\u0107, niwecz\u0105c ca\u0142y sw\u00f3j wysi\u0142ek. Nie ka\u017cdy posiada tak\u017ce samoch\u00f3d, kt\u00f3ry b\u0119dzie wystarczaj\u0105co pojemny, by pomie\u015bci\u0107 wszystkie baga\u017ce. Na dodatek ca\u0142e przedsi\u0119wzi\u0119cie bardzo cz\u0119sto jest bardzo czasoch\u0142onne.<\/p>\n<p style=\"text-align:justify\">Niezale\u017cnie od tego, kt\u00f3ry aspekt sprawia Pa\u0144stwu najwi\u0119cej problemu, warto zrezygnowa\u0107 z samodzielnego przewozu i skorzysta\u0107 z fachowej pomocy profesjonalist\u00f3w. Dzi\u0119ki temu mo\u017cemy zaoszcz\u0119dzi\u0107 sobie wiele wysi\u0142ku, mie\u0107 pewno\u015b\u0107, \u017ce przedmioty dotr\u0105 na miejsce w stanie nienaruszonym, a Pa\u0144stwo b\u0119d\u0105 mogli zaoszcz\u0119dzi\u0107 du\u017co czasu.<\/p>\n<h3>Wsp\u00f3\u0142praca z przedsi\u0119biorstwami<\/h3>\n<p style=\"text-align:justify\">Bardzo ch\u0119tnie wsp\u00f3\u0142pracuj\u0105 z nami klienci firmowi. Oddaj\u0105c realizacj\u0119 zada\u0144 w r\u0119ce specjalist\u00f3w, w znacznym stopniu ograniczaj\u0105 przestoje w funkcjonowaniu firmy, a tym samym minimalizuj\u0105 straty oraz wszelkie niedogodno\u015bci zwi\u0105zane z przeprowadzk\u0105.<\/p>\n<h3>Dla kogo przeznaczona jest nasza oferta?<\/h3>\n<p style=\"text-align:justify\">Swoje us\u0142ugi dedykujemy wszystkim, kt\u00f3rzy staj\u0105 przed konieczno\u015bci\u0105 przewiezienia du\u017cej ilo\u015bci rzeczy lub \u0142adunku o wi\u0119kszych gabarytach. Bardzo ch\u0119tnie wsp\u00f3\u0142pracujemy zar\u00f3wno z firmami, jak i osobami prywatnymi. Zapewniamy us\u0142ugi transportowe podczas przeprowadzek, przew\u00f3z mebli czy taxi baga\u017cowe. Nasza oferta jest elastyczna oraz skomponowana w taki spos\u00f3b, by mog\u0142a sprosta\u0107 r\u00f3\u017cnorodnym potrzebom poszczeg\u00f3lnych klient\u00f3w.<\/p>\n<h3>Zach\u0119camy do skorzystania z naszych us\u0142ug!<\/h3>\n<p style=\"text-align:justify\">Proponujemy przewozy transportowe na terenie ca\u0142ej Warszawy, a tak\u017ce w okolicach miasta. Transport jest nasz\u0105 specjalno\u015bci\u0105 ju\u017c od wielu lat, dzi\u0119ki czemu uda\u0142o si\u0119 nam wypracowa\u0107 najwy\u017cszy standard obs\u0142ugi klienta. Zatrudniamy do\u015bwiadczonych pracownik\u00f3w, kt\u00f3ry ka\u017cd\u0105 prac\u0119 wykonuj\u0105 z nale\u017cyt\u0105 staranno\u015bci\u0105. Wszystkie realizacje przeprowadzamy sprawnie, dbaj\u0105c przy tym o bezpiecze\u0144stwo przewo\u017conych przedmiot\u00f3w oraz pe\u0142en profesjonalizm obs\u0142ugi. Zapraszamy do wsp\u00f3\u0142pracy!<\/p>","protected":false},"excerpt":{"rendered":"<p>Dlaczego warto skorzysta\u0107 z oferty na us\u0142ugi transportowe firmy Transpool? Jako firma transportowa posiadamy wszystkie atuty, kt\u00f3re pozwalaj\u0105 nam na realizacj\u0119 us\u0142ug na najwy\u017cszym poziomie i efektywn\u0105 wsp\u00f3\u0142prac\u0119 zar\u00f3wno z osobami prywatnymi, jak i przedsi\u0119biorstwami. Oto kilka najwa\u017cniejszych powod\u00f3w: tworzymy zesp\u00f3\u0142 do\u015bwiadczonych fachowc\u00f3w, kt\u00f3rzy zadbaj\u0105 o najwy\u017cszy komfort swoich Klient\u00f3w, [&hellip;]<\/p>","protected":false},"author":1,"featured_media":428,"parent":0,"menu_order":0,"comment_status":"closed","ping_status":"closed","template":"","meta":[],"_links":{"self":[{"href":"https:\/\/transpool.pl\/en\/wp-json\/wp\/v2\/pages\/418"}],"collection":[{"href":"https:\/\/transpool.pl\/en\/wp-json\/wp\/v2\/pages"}],"about":[{"href":"https:\/\/transpool.pl\/en\/wp-json\/wp\/v2\/types\/page"}],"author":[{"embeddable":true,"href":"https:\/\/transpool.pl\/en\/wp-json\/wp\/v2\/users\/1"}],"replies":[{"embeddable":true,"href":"https:\/\/transpool.pl\/en\/wp-json\/wp\/v2\/comments?post=418"}],"version-history":[{"count":7,"href":"https:\/\/transpool.pl\/en\/wp-json\/wp\/v2\/pages\/418\/revisions"}],"predecessor-version":[{"id":549,"href":"https:\/\/transpool.pl\/en\/wp-json\/wp\/v2\/pages\/418\/revisions\/549"}],"wp:featuredmedia":[{"embeddable":true,"href":"https:\/\/transpool.pl\/en\/wp-json\/wp\/v2\/media\/428"}],"wp:attachment":[{"href":"https:\/\/transpool.pl\/en\/wp-json\/wp\/v2\/media?parent=418"}],"curies":[{"name":"wp","href":"https:\/\/api.w.org\/{rel}","templated":true}]}}