{"id":420,"date":"2020-03-08T11:23:05","date_gmt":"2020-03-08T10:23:05","guid":{"rendered":"http:\/\/transpool.pl\/?page_id=420"},"modified":"2021-08-10T10:46:45","modified_gmt":"2021-08-10T08:46:45","slug":"przeprowadzki","status":"publish","type":"page","link":"https:\/\/transpool.pl\/en\/transport\/przeprowadzki\/","title":{"rendered":"Cheap removal services and domestic transport"},"content":{"rendered":"<p style=\"text-align:justify\">Are you looking for a cheap and quick way to transport furniture and equipment in Warsaw? Take advantage of Transpool's offer!&nbsp;<\/p>\n\n\n\n<p style=\"text-align:justify\">We <strong>transport of property for individual clients and companies <\/strong>nie tylko w stolicy. Do wsp\u00f3\u0142pracy zach\u0119camy Klient\u00f3w z r\u00f3\u017cnych stron Polski,<strong> offering cheap domestic removals.<\/strong><\/p>\n\n\n\n<p style=\"text-align:justify\">Doskonale rozumiemy, \u017ce przeprowadzka, niezale\u017cnie od tego czy osoby prywatnej do nowego domu czy firmy do nowej siedziby, to ogromne wyzwanie logistyczne. Wymaga odpowiednio pojemnego pojazdu do transportu, jest m\u0119cz\u0105ca i czasoch\u0142onna. W\u0142a\u015bnie dlatego warto skorzysta\u0107 z pomocy specjalist\u00f3w, takich jak nasza <strong>firma przewozowa Transpool z Warszawy.<\/strong><\/p>\n\n\n\n<h2 style=\"text-align:justify; font-size: 28px;\">Us\u0142ugi przewozowe, kt\u00f3rym warto zaufa\u0107!<\/h2>\n\n\n\n<p style=\"text-align:justify\">Jeste\u015bmy przekonani, \u017ce <strong>wysoki standard<\/strong> wykonywania powierzonych nam zada\u0144 pozwoli na zorganizowanie sprawnego przeniesienia wszystkich przedmiot\u00f3w i mebli z mieszkania czy biura. Us\u0142ugi przeprowadzkowe \u015bwiadczy <strong>do\u015bwiadczona ekipa<\/strong>, dlatego doskonale wiemy, jak zabezpieczy\u0107 meble i inne elementy wyposa\u017cenia przed uszkodzeniami czy przemieszczaniem si\u0119 w trakcie transportu.<\/p>\n\n\n\n<p style=\"text-align:justify\">Powierzaj\u0105c nam swoje rzeczy nie musisz martwi\u0107 si\u0119 o ich bezpiecze\u0144stwo. Ka\u017cdy transportowany przedmiot jest<strong> zabezpieczany na czas transportu<\/strong>, dzi\u0119ki czemu mamy pewno\u015b\u0107, \u017ce wszystko przebiegnie bezpiecznie.<\/p>\n\n\n\n<h2 style=\"text-align:justify; font-size: 28px;\">Flota pojazd\u00f3w dostosowana do r\u00f3\u017cnorodnych potrzeb<\/h2>\n\n\n\n<p style=\"text-align:justify\">Chc\u0105c realizowa\u0107 us\u0142ugi dostosowane do potrzeb naszych klient\u00f3w, zadbali\u015bmy o skompletowanie floty pojazd\u00f3w transportowych. <strong>Ka\u017cde auto jest w pe\u0142ni sprawne i nowoczesne<\/strong>, dzi\u0119ki czemu jest niezawodne i pozwala nam na terminow\u0105, sprawn\u0105 realizacj\u0119 wszystkich zlece\u0144. Poszczeg\u00f3lne pojazdy r\u00f3\u017cni\u0105 si\u0119 mi\u0119dzy sob\u0105 kubatur\u0105, dlatego <strong>mo\u017cemy dostosowa\u0107 wyb\u00f3r pojazdu<\/strong> do potrzeb konkretnego zlecenia.<\/p>\n\n\n\n<h2 style=\"text-align:justify; font-size: 28px;\">Firma przeprowadzkowa &#8211; oferta skierowana do os\u00f3b prywatnych i przedsi\u0119biorstw<\/h2>\n\n\n\n<p style=\"text-align:justify;\">Zale\u017cy nam na tym, by \u015bwiadczy\u0107 kompleksowe us\u0142ugi, dostosowane do r\u00f3\u017cnorodnych potrzeb naszych klient\u00f3w. W\u0142a\u015bnie dlatego <strong>dzia\u0142amy jako taxi baga\u017cowe<\/strong>, zajmujemy si\u0119 transportem pojedynczych mebli, jak i \u015bwiadczymy <strong>pomoc przy przeprowadzkach firm lub os\u00f3b prywatnych<\/strong>.<\/p>\n\n\n\n<p style=\"text-align:justify\">W\u0142a\u015bnie dlatego, niezale\u017cnie od tego czy zmieniasz mieszkanie, chcesz przenie\u015b\u0107 swoj\u0105 firm\u0119 do innej siedziby, czy zakupi\u0142e\u015b wysokogabarytowe sprz\u0119ty i nie masz jak ich przetransportowa\u0107, serdecznie <strong>zapraszamy do kontaktu<\/strong>.<\/p>\n\n\n\n<h2 style=\"text-align:justify; font-size: 28px;\">Dlaczego my?<\/h2>\n\n\n\n<p style=\"text-align:justify\">W swojej pracy stawiamy na pe\u0142ni\u0119 profesjonalizmu. <strong>Gwarantujemy satysfakcj\u0119<\/strong>, a tak\u017ce pomoc w sprawnej organizacji od momentu zapakowania, a\u017c po dostarczenie przedmiot\u00f3w pod wskazany adres. <strong>Nasi pracownicy to do\u015bwiadczeni specjali\u015bci<\/strong>, kt\u00f3rzy realizuj\u0105 us\u0142ugi z <strong>sprawnie, a przy tym nale\u017cyt\u0105 ostro\u017cno\u015bci\u0105<\/strong>. Dzi\u0119ki temu realizacja powierzonych nam zada\u0144 przebiega szybko oraz bezproblemowo. Swoj\u0105 ofert\u0119 zaprojektowali\u015bmy tak, by by\u0142a mo\u017cliwie elastyczna, dlatego niezale\u017cnie od swoich potrzeb skontaktuj si\u0119 z nami.<\/p>","protected":false},"excerpt":{"rendered":"<p>Szukasz sposobu na tani i szybki przew\u00f3z mebli i wyposa\u017cenia w Warszawie? Skorzystaj z oferty firmy Transpool!&nbsp; Wykonujemy przewozy mienia dla Klient\u00f3w indywidualnych oraz firm nie tylko w stolicy. Do wsp\u00f3\u0142pracy zach\u0119camy Klient\u00f3w z r\u00f3\u017cnych stron Polski, oferuj\u0105c tanie przeprowadzki krajowe. Doskonale rozumiemy, \u017ce przeprowadzka, niezale\u017cnie od tego czy osoby [&hellip;]<\/p>","protected":false},"author":1,"featured_media":254,"parent":88,"menu_order":0,"comment_status":"closed","ping_status":"closed","template":"","meta":[],"_links":{"self":[{"href":"https:\/\/transpool.pl\/en\/wp-json\/wp\/v2\/pages\/420"}],"collection":[{"href":"https:\/\/transpool.pl\/en\/wp-json\/wp\/v2\/pages"}],"about":[{"href":"https:\/\/transpool.pl\/en\/wp-json\/wp\/v2\/types\/page"}],"author":[{"embeddable":true,"href":"https:\/\/transpool.pl\/en\/wp-json\/wp\/v2\/users\/1"}],"replies":[{"embeddable":true,"href":"https:\/\/transpool.pl\/en\/wp-json\/wp\/v2\/comments?post=420"}],"version-history":[{"count":8,"href":"https:\/\/transpool.pl\/en\/wp-json\/wp\/v2\/pages\/420\/revisions"}],"predecessor-version":[{"id":551,"href":"https:\/\/transpool.pl\/en\/wp-json\/wp\/v2\/pages\/420\/revisions\/551"}],"up":[{"embeddable":true,"href":"https:\/\/transpool.pl\/en\/wp-json\/wp\/v2\/pages\/88"}],"wp:featuredmedia":[{"embeddable":true,"href":"https:\/\/transpool.pl\/en\/wp-json\/wp\/v2\/media\/254"}],"wp:attachment":[{"href":"https:\/\/transpool.pl\/en\/wp-json\/wp\/v2\/media?parent=420"}],"curies":[{"name":"wp","href":"https:\/\/api.w.org\/{rel}","templated":true}]}}