{"id":422,"date":"2020-03-08T11:23:18","date_gmt":"2020-03-08T10:23:18","guid":{"rendered":"http:\/\/transpool.pl\/?page_id=422"},"modified":"2021-09-16T12:28:29","modified_gmt":"2021-09-16T10:28:29","slug":"przewoz-mebli","status":"publish","type":"page","link":"https:\/\/transpool.pl\/en\/transport\/przewoz-mebli\/","title":{"rendered":"Transportation of furniture and interior design"},"content":{"rendered":"<p style=\"text-align: justify\";>Chocia\u017c <strong>przeprowadzka<\/strong> lub <strong>zakup mebli<\/strong> powinny kojarzy\u0107 si\u0119 nam z czym\u015b przyjemnym, wiele os\u00f3b reaguje niech\u0119ci\u0105. Wszystko dlatego, \u017ce zamiast cieszy\u0107 si\u0119 zmianami zachodz\u0105cymi w ich \u017cyciu, zastanawiaj\u0105 si\u0119 nad tym jak trudno b\u0119dzie <strong>przetransportowa\u0107 mebel<\/strong> lub <strong>ca\u0142y komplet<\/strong> w miejsce docelowe. Chocia\u017c takie podej\u015bcie mo\u017ce wydawa\u0107 si\u0119 przykre oraz kr\u00f3tkowzroczne, w ko\u0144cu najwa\u017cniejsze jest to, jak b\u0119dziemy korzysta\u0107 z mebla przez wiele lat, dla wielu os\u00f3b <strong>transport wysokogabarytowych produkt\u00f3w<\/strong> stanowi ogromny problem. Ca\u0142e szcz\u0119\u015bcie nie jest to sytuacja bez wyj\u015bcia! Wystarczy skorzysta\u0107 z us\u0142ug <strong>firmy Transpool<\/strong>, zapewniaj\u0105cej <strong>tanie przeprowadzki na terenie Warszawy<\/strong> oraz w jej okolicach! Nasza firma zapewni tani przew\u00f3z wszystkich wysokogabarytowych element\u00f3w wyposa\u017cenia.<\/p>\n\n\n\n<h2 style=\"font-size: 24px;\">Kiedy warto zdecydowa\u0107 si\u0119 na transport mebli?<\/h2>\n\n\n\n<p style=\"text-align: justify\";>Nasza us\u0142uga jest \u015bwietnym rozwi\u0105zaniem nie tylko w sytuacji, gdy <strong>kupujemy nowe meble<\/strong>. \u015awietnie si\u0119 sprawdza r\u00f3wnie\u017c podczas przeprowadzek lub zakupu sprz\u0119t\u00f3w u\u017cywanych. Wsp\u00f3\u0142praca z nami to \u015bwietne rozwi\u0105zanie, poniewa\u017c najwi\u0119cej trudno\u015bci podczas przeprowadzki sprawia zazwyczaj <strong>transport mebli<\/strong>. Oferta naszej firmy mo\u017ce stanowi\u0107 doskona\u0142e rozwi\u0105zanie dla wielu os\u00f3b, znacznie <strong>usprawniaj\u0105c przeprowadzk\u0119<\/strong> lub <strong>pojedynczy transport<\/strong>. Jest skierowana do wszystkich, kt\u00f3rym zale\u017cy na tanim, a jednocze\u015bnie bezpiecznym i sprawnym przewozie wyposa\u017cenia.<\/p>\n\n\n\n<h2 style=\"font-size: 24px;\">Us\u0142ugi zaprojektowane, by zapewni\u0107 satysfakcj\u0119 klientom<\/h2>\n\n\n\n<p style=\"text-align: justify\";>Najwa\u017cniejsze jest dla nas <strong>zadowolenie naszych klient\u00f3w<\/strong>. W\u0142a\u015bnie dlatego swoje us\u0142ugi opracowali\u015bmy w taki spos\u00f3b, by w jak najwi\u0119kszym stopniu sprosta\u0107 ich indywidualnym potrzebom. Dysponujemy pojazdami umo\u017cliwiaj\u0105cymi transport wyposa\u017cenia na terenie Warszawy i nie tylko. Na \u017cyczenie Klienta jeste\u015bmy w stanie podj\u0105\u0107 si\u0119 r\u00f3wnie\u017c przeprowadzek na terenie ca\u0142ej Polski. <strong>Nasze samochody s\u0105 \u0142adowne, a przy tym bezpieczne<\/strong>. Dzi\u0119ki nim mo\u017cna zorganizowa\u0107 tani przew\u00f3z mebli r\u00f3\u017cnego rodzaju, w tym nawet du\u017cych gabarytowo i ci\u0119\u017ckich obiekt\u00f3w. <strong>Swoj\u0105 flot\u0119<\/strong> skompletowali\u015bmy w taki spos\u00f3b, by mog\u0142a sprosta\u0107 potrzebom klient\u00f3w dysponuj\u0105cych r\u00f3\u017cn\u0105 ilo\u015bci\u0105 mienia do przewiezienia. Dzi\u0119ki temu jeste\u015bmy w stanie zapewni\u0107 im ekonomiczn\u0105 obs\u0142ug\u0119, <strong>dopasowan\u0105 do konkretnej sytuacji<\/strong>.<\/p>\n\n\n\n<h2 style=\"font-size: 24px;\">Wykwalifikowany personel<\/h2>\n\n\n\n<p style=\"text-align: justify\";>Doskonale rozumiemy, \u017ce za sukcesem firmy przeprowadzkowej stoi nie tylko wykorzystywany sprz\u0119t, ale przede wszystkim <strong>do\u015bwiadczeni i wykwalifikowani pracownicy<\/strong>, kt\u00f3rzy wszystkie zlecenia realizuj\u0105 w spos\u00f3b profesjonalny oraz z <strong>nale\u017cyt\u0105 dok\u0142adno\u015bci\u0105 i trosk\u0105<\/strong> o powierzone meble. Zatrudniamy <strong>do\u015bwiadczonych kierowc\u00f3w<\/strong>who will easily find the address indicated by the customer and guarantee a quiet, safe ride.<\/p>\n\n\n\n<p style=\"text-align: justify\";>Zadbamy tak\u017ce o to, aby wszystkie elementy wyposa\u017cenia nie ucierpia\u0142y podczas transportu doskonale wiemy, w jaki spos\u00f3b zapakowa\u0107 nawet obiekty o <strong>niestandardowym kszta\u0142cie czy wielko\u015bci<\/strong>. W celu zabezpieczenia stosujemy folie, kartony i inne, wytrzyma\u0142e akcesoria. Wszystko zostanie przeprowadzone w taki spos\u00f3b, by realizacja us\u0142ugi przebieg\u0142a <strong>sprawnie i bezproblemowo<\/strong>, a klient m\u00f3g\u0142 cieszy\u0107 si\u0119 nowym meblem lub b\u0142yskawicznym przebiegiem przeprowadzki.<\/p>","protected":false},"excerpt":{"rendered":"<p>Chocia\u017c przeprowadzka lub zakup mebli powinny kojarzy\u0107 si\u0119 nam z czym\u015b przyjemnym, wiele os\u00f3b reaguje niech\u0119ci\u0105. Wszystko dlatego, \u017ce zamiast cieszy\u0107 si\u0119 zmianami zachodz\u0105cymi w ich \u017cyciu, zastanawiaj\u0105 si\u0119 nad tym jak trudno b\u0119dzie przetransportowa\u0107 mebel lub ca\u0142y komplet w miejsce docelowe. Chocia\u017c takie podej\u015bcie mo\u017ce wydawa\u0107 si\u0119 przykre oraz [&hellip;]<\/p>","protected":false},"author":1,"featured_media":255,"parent":88,"menu_order":0,"comment_status":"closed","ping_status":"closed","template":"","meta":[],"_links":{"self":[{"href":"https:\/\/transpool.pl\/en\/wp-json\/wp\/v2\/pages\/422"}],"collection":[{"href":"https:\/\/transpool.pl\/en\/wp-json\/wp\/v2\/pages"}],"about":[{"href":"https:\/\/transpool.pl\/en\/wp-json\/wp\/v2\/types\/page"}],"author":[{"embeddable":true,"href":"https:\/\/transpool.pl\/en\/wp-json\/wp\/v2\/users\/1"}],"replies":[{"embeddable":true,"href":"https:\/\/transpool.pl\/en\/wp-json\/wp\/v2\/comments?post=422"}],"version-history":[{"count":9,"href":"https:\/\/transpool.pl\/en\/wp-json\/wp\/v2\/pages\/422\/revisions"}],"predecessor-version":[{"id":558,"href":"https:\/\/transpool.pl\/en\/wp-json\/wp\/v2\/pages\/422\/revisions\/558"}],"up":[{"embeddable":true,"href":"https:\/\/transpool.pl\/en\/wp-json\/wp\/v2\/pages\/88"}],"wp:featuredmedia":[{"embeddable":true,"href":"https:\/\/transpool.pl\/en\/wp-json\/wp\/v2\/media\/255"}],"wp:attachment":[{"href":"https:\/\/transpool.pl\/en\/wp-json\/wp\/v2\/media?parent=422"}],"curies":[{"name":"wp","href":"https:\/\/api.w.org\/{rel}","templated":true}]}}