{"id":424,"date":"2020-03-08T11:23:41","date_gmt":"2020-03-08T10:23:41","guid":{"rendered":"http:\/\/transpool.pl\/?page_id=424"},"modified":"2023-12-06T11:50:07","modified_gmt":"2023-12-06T10:50:07","slug":"taxi-bagazowe","status":"publish","type":"page","link":"https:\/\/transpool.pl\/en\/transport\/taxi-bagazowe\/","title":{"rendered":"Baggage taxi"},"content":{"rendered":"<p style=\"text-align: justify;\"><strong>Baggage taxi<\/strong> to us\u0142uga, kt\u00f3ra mo\u017ce okaza\u0107 si\u0119 pomocna w wielu sytuacjach. Nasza firma realizuje j\u0105 najtaniej, jak to tylko mo\u017cliwe.<\/p>\n\n\n\n<p style=\"text-align: justify;\">Niestety nie wszystko mo\u017cna przewidzie\u0107. Bardzo cz\u0119sto zdarza si\u0119 tak, \u017ce <strong>przeprowadzka<\/strong> lub przew\u00f3z pojedynczych, <strong>wysokogabarytowych mebli<\/strong>, <strong>urz\u0105dze\u0144 lub innych towar\u00f3w<\/strong> bywa problematyczna. W takiej sytuacji warto zwr\u00f3ci\u0107 si\u0119 do nas. Pomagamy w nag\u0142ych sytuacjach! Oferujemy niemal <strong>natychmiastowy przew\u00f3z towar\u00f3w<\/strong>. Oczywi\u015bcie niesiemy pomoc r\u00f3wnie\u017c w przypadku zaplanowanych przedsi\u0119wzi\u0119\u0107.<\/p>\n\n\n\n<h2 style=\"text-align: justify;\">Taxi baga\u017cowa &#8211; dla kogo dedykowana jest nasza oferta?<\/h2>\n\n\n\n<p style=\"text-align: justify;\">Bardzo ch\u0119tnie wsp\u00f3\u0142pracujemy zar\u00f3wno z <strong>osobami prywatnymi<\/strong>, jak i <strong>firmami<\/strong>. Mo\u017cemy przewie\u017a\u0107 np. zakupione meble, zar\u00f3wno nowe, jak i u\u017cywane, pom\u00f3c przewie\u017a\u0107 sprz\u0119ty z mieszkania np. na teren ogr\u00f3dka dzia\u0142kowego czy do nowego domu lub przetransportowa\u0107 maszyny i wyposa\u017cenie nale\u017c\u0105ce do firmy. Nasza ofert\u0119 zaprojektowali\u015bmy w taki spos\u00f3b, by by\u0142a <strong>elastyczna<\/strong> i mog\u0142a nie\u015b\u0107 pomoc r\u00f3\u017cnorodnym klientom w wielu sytuacjach, a przy tym us\u0142uga by\u0142a mo\u017cliwie <strong>najta\u0144sza<\/strong>.<\/p>\n\n\n\n<h2 style=\"text-align: justify;\">Rozumiemy, \u017ce zale\u017cy Ci na czasie<\/h2>\n\n\n\n<p style=\"text-align: justify;\">Bardzo cz\u0119sto czas nagli i bardzo wa\u017cne, by ca\u0142e przedsi\u0119wzi\u0119cie by\u0142o przeprowadzone jak najszybciej. Jako <strong>luggage taxi<\/strong> zjawiamy si\u0119 <strong>w<\/strong> <strong>kr\u00f3tkim czasie<\/strong> we wskazanym przez klient\u00f3w miejscu i pomagamy przewie\u017a\u0107 k\u0142opotliwy \u0142adunek. Z naszej us\u0142ugi obejmuj\u0105cej <strong>przewozy baga\u017cowe<\/strong> korzystaj\u0105 osoby, kt\u00f3re zakupi\u0142y <strong>meble<\/strong>, <strong>sprz\u0119t elektroniczny<\/strong> lub inne <strong>wielkogabarytowe przedmioty<\/strong>, nie mieszcz\u0105ce si\u0119 do ich auta. Oczywistym jest, \u017ce chc\u0105, by jak najszybciej odebra\u0107 od nich towar i przewie\u017a\u0107 w miejsce docelowe.<\/p>\n\n\n\n<p style=\"text-align: justify;\">Podobnie sytuacja wygl\u0105d w przypadku klient\u00f3w biznesowych. W sytuacji, gdy kupowane lub przewo\u017cone jest <strong>wyposa\u017cenie firmy<\/strong>, ka\u017cda stracona minuta mo\u017ce wp\u0142yn\u0105\u0107 na zmniejszenie zysk\u00f3w. W\u0142a\u015bnie dlatego tak istotne, by transport przebieg\u0142 tak <strong>sprawnie, jak to tylko mo\u017cliwe<\/strong>.<\/p>\n\n\n\n<h2 style=\"text-align: justify;\">Najta\u0144sze przewozy \u0142adunk\u00f3w na terenie Warszawy i w okolicy \u2013 postaw na nasze taks\u00f3wki baga\u017cowe!<\/h2>\n\n\n\n<p style=\"text-align: justify;\">Je\u015bli musisz przewie\u017a\u0107 wysokogabarytowy \u0142adunek, nie musisz szuka\u0107 w\u015br\u00f3d znajomych pomocy, ani te\u017c przeszukiwa\u0107 Internetu w poszukiwaniu taniego wynajmu przyczepek. Wystarczy, \u017ce <strong>zadzwonisz do nas<\/strong> i wezwiesz taxi baga\u017cowe. Nasi pracownicy to <strong>do\u015bwiadczeni, przeszkoleni fachowcy<\/strong>, dzi\u0119ki kt\u00f3rym ca\u0142e przedsi\u0119wzi\u0119cie przebiegnie sprawnie, a \u0142adunek bezpiecznie dotrze na miejsce.<\/p>\n\n\n\n<p style=\"text-align: justify;\">Pojawiamy si\u0119 szybko i pomagamy <strong>w za\u0142adunku<\/strong> oraz <strong>roz\u0142adunku auta<\/strong>. Jeste\u015bmy w stanie sprosta\u0107 r\u00f3\u017cnorodnym oczekiwaniom, dlatego dysponujemy<strong> rozbudowan\u0105 flot\u0105 pojazd\u00f3w<\/strong>, kt\u00f3rej nie straszne jest przewo\u017cenie rega\u0142\u00f3w, \u0142\u00f3\u017cek, fortepian\u00f3w czy telewizor\u00f3w z du\u017c\u0105 rozpi\u0119to\u015bci\u0105 ekranu. Mamy r\u00f3wnie\u017c <strong>wieloletnie do\u015bwiadczenie<\/strong>, wi\u0119c gwarantujemy, \u017ce Tw\u00f3j \u0142adunek nie b\u0119dzie w stanie nas zaskoczy\u0107 swoimi gabarytami, ani trudno\u015bci\u0105 w przeniesieniu czy za\u0142adunku do auta.<\/p>\n\n\n\n<p style=\"text-align: justify;\">Nasze taxi baga\u017cowe przyjmuje zlecenia z <strong>Warszawy i okolic<\/strong>. Ceny ustalamy zawsze indywidualnie. Oferowane stawki sprawiaj\u0105, \u017ce nasze us\u0142ugi \u015bwiadczymy<strong> najtaniej w okolicy<\/strong>.<\/p>","protected":false},"excerpt":{"rendered":"<p>Taxi baga\u017cowe to us\u0142uga, kt\u00f3ra mo\u017ce okaza\u0107 si\u0119 pomocna w wielu sytuacjach. Nasza firma realizuje j\u0105 najtaniej, jak to tylko mo\u017cliwe. Niestety nie wszystko mo\u017cna przewidzie\u0107. Bardzo cz\u0119sto zdarza si\u0119 tak, \u017ce przeprowadzka lub przew\u00f3z pojedynczych, wysokogabarytowych mebli, urz\u0105dze\u0144 lub innych towar\u00f3w bywa problematyczna. W takiej sytuacji warto zwr\u00f3ci\u0107 si\u0119 [&hellip;]<\/p>","protected":false},"author":1,"featured_media":67,"parent":88,"menu_order":0,"comment_status":"closed","ping_status":"closed","template":"","meta":[],"_links":{"self":[{"href":"https:\/\/transpool.pl\/en\/wp-json\/wp\/v2\/pages\/424"}],"collection":[{"href":"https:\/\/transpool.pl\/en\/wp-json\/wp\/v2\/pages"}],"about":[{"href":"https:\/\/transpool.pl\/en\/wp-json\/wp\/v2\/types\/page"}],"author":[{"embeddable":true,"href":"https:\/\/transpool.pl\/en\/wp-json\/wp\/v2\/users\/1"}],"replies":[{"embeddable":true,"href":"https:\/\/transpool.pl\/en\/wp-json\/wp\/v2\/comments?post=424"}],"version-history":[{"count":9,"href":"https:\/\/transpool.pl\/en\/wp-json\/wp\/v2\/pages\/424\/revisions"}],"predecessor-version":[{"id":694,"href":"https:\/\/transpool.pl\/en\/wp-json\/wp\/v2\/pages\/424\/revisions\/694"}],"up":[{"embeddable":true,"href":"https:\/\/transpool.pl\/en\/wp-json\/wp\/v2\/pages\/88"}],"wp:featuredmedia":[{"embeddable":true,"href":"https:\/\/transpool.pl\/en\/wp-json\/wp\/v2\/media\/67"}],"wp:attachment":[{"href":"https:\/\/transpool.pl\/en\/wp-json\/wp\/v2\/media?parent=424"}],"curies":[{"name":"wp","href":"https:\/\/api.w.org\/{rel}","templated":true}]}}