{"id":575,"date":"2022-04-28T14:57:55","date_gmt":"2022-04-28T12:57:55","guid":{"rendered":"https:\/\/transpool.pl\/?page_id=575"},"modified":"2023-12-20T10:40:33","modified_gmt":"2023-12-20T09:40:33","slug":"przeprowadzki-biur","status":"publish","type":"page","link":"https:\/\/transpool.pl\/en\/przeprowadzki-biur\/","title":{"rendered":"Przeprowadzki biur"},"content":{"rendered":"<p style=\"text-align: justify;\"><strong>Przeprowadzka przedsi\u0119biorstwa<\/strong> to ka\u017cdorazowo bardzo du\u017ce i skomplikowane przedsi\u0119wzi\u0119cie, kt\u00f3re wymaga skoordynowanych dzia\u0142a\u0144 wielu os\u00f3b. Istotne jest bowiem, by wszystko przebieg\u0142o zgodnie z planem oraz zosta\u0142o zrealizowane w spos\u00f3b terminowy. Ka\u017cde op\u00f3\u017anienia b\u0119d\u0105 bowiem negatywnie wp\u0142ywa\u0107 na funkcjonowanie przedsi\u0119biorstwa, a co za tym idzie powodowa\u0107 straty. W\u0142a\u015bnie dlatego warto postawi\u0107 na <strong>wsp\u00f3\u0142prac\u0119 z profesjonalistami.<\/strong> <\/p>\n\n\n\n<div style=\"height:40px\" aria-hidden=\"true\" class=\"wp-block-spacer\"><\/div>\n\n\n\n<b><h2 style=\"text-align: center; font-size: 34px;\">Przeprowadzka biura<\/h2><\/b>\n\n\n\n<p style=\"text-align: justify;\">Doskonale wiemy, \u017ce <strong>przeprowadzki biur <\/strong>wi\u0105\u017c\u0105 si\u0119 z komplikacjami w pracy, a niejednokrotnie nawet stresem u pracownik\u00f3w. W\u0142a\u015bnie dlatego ka\u017cdorazowo dbamy o to, by wszystko przebiega\u0142o <strong>sprawnie oraz terminowo<\/strong>, a przedsi\u0119wzi\u0119cie by\u0142o jak mo\u017cliwie naj\u0142atwiejszym przedsi\u0119biorstwem. <\/p>\n\n\n\n<p style=\"text-align: justify;\">Nasi pracownicy do ka\u017cdego zlecenia podchodz\u0105 w spos\u00f3b indywidualny, dbaj\u0105c o <strong>bezpiecze\u0144stwo<\/strong> wszystkich przewo\u017conych przedmiot\u00f3w oraz zapewnienie najwy\u017cszego <strong>komfortu obs\u0142ugi<\/strong>. Chc\u0105c jak najlepiej zadba\u0107 o potrzeby naszych klient\u00f3w, przygotowali\u015bmy elastyczn\u0105 ofert\u0119, mog\u0105c\u0105 sprosta\u0107 r\u00f3\u017cnorodnym potrzebom. Jeste\u015bmy w stanie przeprowadzi\u0107 transport pojedynczych przedmiot\u00f3w, dokumentacji, mebli, jak i <strong>przeprowadzk\u0119 ca\u0142ego biura<\/strong>. Oferujemy r\u00f3wnie\u017c kompleksow\u0105 obs\u0142ug\u0119 obejmuj\u0105c\u0105 na przyk\u0142ad pakowanie wszystkich transportowanych przedmiot\u00f3w.<\/p>\n\n\n\n<div style=\"height:40px\" aria-hidden=\"true\" class=\"wp-block-spacer\"><\/div>\n\n\n\n<b><h2 style=\"text-align: center; font-size: 34px;\">Zabezpieczenie i transport<\/h2><\/b>\n\n\n\n<p style=\"text-align: justify;\"><strong>Przeprowadzka firmy<\/strong> nie nale\u017cy do \u0142atwych zada\u0144 \u2013 wymaga przemy\u015blanego planu i dobrej organizacji. Jednak ju\u017c zrobienie pierwszego kroku mo\u017ce okaza\u0107 si\u0119 do\u015b\u0107 skomplikowane. Na szcz\u0119\u015bcie do pomocy mo\u017cna wezwa\u0107 nas! Sprawd\u017a, czym zajmujemy si\u0119 w ramach us\u0142ugi dla biur. Oferujemy zabezpieczenie i transport:<\/p>\n\n\n\n<ul>\n\n\n\n<li><h3>Mebli biurowych<\/h3><\/li>\n\n\n\n<p style=\"text-align: justify;\">To w\u0142a\u015bnie meble nale\u017c\u0105 do rzeczy, kt\u00f3re sprawiaj\u0105, \u017ce <strong>przeprowadzki firm<\/strong> \u2013 czy to w Warszawie, czy innych miastach \u2013 bywaj\u0105 \u017cmudnym i nieprzyjemnym zadaniem. My robimy wszystko, aby to zmieni\u0107! Proponujemy pomoc przy przenoszeniu rega\u0142\u00f3w, szaf, biurek oraz innych element\u00f3w wchodz\u0105cych w sk\u0142ad wyposa\u017cenia pomieszcze\u0144 biurowych. Nast\u0119pnie odpowiednio zabezpieczamy je na czas transportu, a nast\u0119pnie ustawiamy w miejscu docelowym. Dzi\u0119ki nam meble oraz akcesoria mo\u017cna przewie\u017a\u0107 wygodne, szybko i terminowo.<\/p>\n\n\n\n<li><h3>Dokument\u00f3w<\/h3><\/li>\n\n\n\n<p style=\"text-align: justify;\">Nie mniej istotne co pozosta\u0142e elementy wyposa\u017cenia. Dokumenty wymagaj\u0105 odpowiedniego zabezpieczenia na czas <strong>przeprowadzki biura<\/strong>. W trakcie niew\u0142a\u015bciwie zorganizowanych przenosin cz\u0119sto dochodzi do ich zagubienia lub zniszczenia. Dlatego dok\u0142adamy wszelkich stara\u0144, aby akta i dokumenty firmy zosta\u0142y wst\u0119pnie w\u0142a\u015bciwie przechowywane podczas transportu, aby dotar\u0142y do miejsca docelowego bez \u017cadnego uszczerbku.<\/p>\n\n\n\n<li><h3>Sprz\u0119tu biurowego<\/h3><\/li>\n\n\n\n<p style=\"text-align: justify;\"><strong>Przeprowadzki dla firm<\/strong> s\u0105 o wiele bardziej wymagaj\u0105ce g\u0142\u00f3wnie ze wzgl\u0119du na konieczno\u015b\u0107 przewiezienia sporej ilo\u015bci sprz\u0119tu komputerowego, kt\u00f3rych biura s\u0105 pe\u0142ne. Jak si\u0119 do tego dobrze przygotowa\u0107? Niezliczona ilo\u015b\u0107 kabli oraz urz\u0105dze\u0144 mo\u017ce przyprawi\u0107 o b\u00f3l g\u0142owy. I tu przychodzimy z pomoc\u0105. Doradzamy, w jaki spos\u00f3b przygotowa\u0107 sprz\u0119t do transportu. Dobrze zabezpieczamy komputery i inne akcesoria na czas przewozu, a nast\u0119pnie wnosimy wszystko na nowe miejsce tak, aby wszystko by\u0142o gotowe do ponownego pod\u0142\u0105czenia przez IT.<\/p>\n\n\n\n<li><h3>Sejf\u00f3w<\/h3><\/li>\n\n\n\n<p style=\"text-align: justify;\">Wiele biur nie wyobra\u017ca sobie codziennego funkcjonowania bez dost\u0119pu do sejf\u00f3w. Kasy pancerne mog\u0105 mie\u0107 r\u00f3\u017cne wielko\u015bci, ich wsp\u00f3ln\u0105 cech\u0105 jest jednak to, \u017ce s\u0105 do\u015b\u0107 ci\u0119\u017ckie, a przez to trudne do przeniesienia w nowe miejsce. To wr\u0119cz doskona\u0142a okazja, aby skorzysta\u0107 z us\u0142ug przeprowadzkowych i jednocze\u015bnie zadba\u0107 o to, aby tak niepor\u0119czny, a przy tym cenny \u0142adunek przewie\u017a\u0107 bez \u017cadnych problem\u00f3w.<\/p>\n\n\n\n<\/ul>\n\n\n\n<div style=\"height:55px\" aria-hidden=\"true\" class=\"wp-block-spacer\"><\/div>\n\n\n\n<b><h2 style=\"text-align: center; font-size: 34px;\">Relokacja mi\u0119dzy oddzia\u0142ami<\/h2><\/b>\n\n\n\n<p style=\"text-align: justify;\">Nie ka\u017cda us\u0142uga wi\u0105\u017ce si\u0119 z przenoszeniem firmy do nowego miejsca. Bardzo cz\u0119sto konieczne jest przetransportowanie cz\u0119\u015bci rzeczy do innej firmy. W takich sytuacjach pomocna mo\u017ce si\u0119 okaza\u0107 nasza us\u0142uga <strong>relokacji mi\u0119dzy oddzia\u0142ami<\/strong>. Jeste\u015bmy w stanie przetransportowa\u0107 <strong>dokumentacj\u0119, sprz\u0119t, meble lub nawet ca\u0142e archiwum<\/strong> albo inne, dowolne przedmioty.<\/p>\n\n\n\n<div style=\"height:50px\" aria-hidden=\"true\" class=\"wp-block-spacer\"><\/div>\n\n\n\n<b><h2 style=\"text-align: center; font-size: 34px;\">Dlaczego my?<\/h2><\/b>\n\n\n\n<p style=\"text-align: justify;\">Zatrudniamy <strong>do\u015bwiadczonych specjalist\u00f3w<\/strong>, kt\u00f3rzy podejmuj\u0105 si\u0119 zar\u00f3wno kompleksowych us\u0142ug przeprowadzonych, obejmuj\u0105cych relokacj\u0119 wszystkich element\u00f3w wyposa\u017cenia biura, jak i transport dokumentacji i pojedynczych element\u00f3w wyposa\u017cenia czy kompleksowe relokacje mi\u0119dzy oddzia\u0142ami. Szukaj\u0105c profesjonalnej, wyspecjalizowanej firmy warto skontaktowa\u0107 si\u0119 z nami.<\/p>\n\n\n\n<div style=\"height:50px\" aria-hidden=\"true\" class=\"wp-block-spacer\"><\/div>\n\n\n\n<h3 style=\"text-align: center; font-size: 34px;\">Planujesz przeprowadzk\u0119 firmy?<\/h3>\n\n\n\n<div class=\"wp-block-buttons aligncenter\">\n<div class=\"wp-block-button is-style-fill\"><a class=\"wp-block-button__link\" href=\"https:\/\/transpool.pl\/en\/transport\/kontakt\/\"><strong>Skontaktuj si\u0119 z nami ju\u017c dzi\u015b!<\/strong><\/a><\/div>\n<\/div>\n\n\n\n<div style=\"height:50px\" aria-hidden=\"true\" class=\"wp-block-spacer\"><\/div>","protected":false},"excerpt":{"rendered":"<p>Przeprowadzka przedsi\u0119biorstwa to ka\u017cdorazowo bardzo du\u017ce i skomplikowane przedsi\u0119wzi\u0119cie, kt\u00f3re wymaga skoordynowanych dzia\u0142a\u0144 wielu os\u00f3b. Istotne jest bowiem, by wszystko przebieg\u0142o zgodnie z planem oraz zosta\u0142o zrealizowane w spos\u00f3b terminowy. Ka\u017cde op\u00f3\u017anienia b\u0119d\u0105 bowiem negatywnie wp\u0142ywa\u0107 na funkcjonowanie przedsi\u0119biorstwa, a co za tym idzie powodowa\u0107 straty. W\u0142a\u015bnie dlatego warto postawi\u0107 [&hellip;]<\/p>","protected":false},"author":3,"featured_media":249,"parent":0,"menu_order":0,"comment_status":"closed","ping_status":"closed","template":"","meta":[],"_links":{"self":[{"href":"https:\/\/transpool.pl\/en\/wp-json\/wp\/v2\/pages\/575"}],"collection":[{"href":"https:\/\/transpool.pl\/en\/wp-json\/wp\/v2\/pages"}],"about":[{"href":"https:\/\/transpool.pl\/en\/wp-json\/wp\/v2\/types\/page"}],"author":[{"embeddable":true,"href":"https:\/\/transpool.pl\/en\/wp-json\/wp\/v2\/users\/3"}],"replies":[{"embeddable":true,"href":"https:\/\/transpool.pl\/en\/wp-json\/wp\/v2\/comments?post=575"}],"version-history":[{"count":24,"href":"https:\/\/transpool.pl\/en\/wp-json\/wp\/v2\/pages\/575\/revisions"}],"predecessor-version":[{"id":700,"href":"https:\/\/transpool.pl\/en\/wp-json\/wp\/v2\/pages\/575\/revisions\/700"}],"wp:featuredmedia":[{"embeddable":true,"href":"https:\/\/transpool.pl\/en\/wp-json\/wp\/v2\/media\/249"}],"wp:attachment":[{"href":"https:\/\/transpool.pl\/en\/wp-json\/wp\/v2\/media?parent=575"}],"curies":[{"name":"wp","href":"https:\/\/api.w.org\/{rel}","templated":true}]}}