{"id":581,"date":"2022-05-12T14:03:36","date_gmt":"2022-05-12T12:03:36","guid":{"rendered":"https:\/\/transpool.pl\/?page_id=581"},"modified":"2022-09-30T09:05:40","modified_gmt":"2022-09-30T07:05:40","slug":"transport-i-montaz-stoisk-targowych","status":"publish","type":"page","link":"https:\/\/transpool.pl\/en\/transport-i-montaz-stoisk-targowych\/","title":{"rendered":"Transport i monta\u017c stoisk targowych"},"content":{"rendered":"<p style=\"text-align: justify;\">Wszelkie targi, eventy czy imprezy firmowe to prawdziwe \u015bwi\u0119to dla ca\u0142ej bran\u017cy oraz ogromna okazja, by zaprezentowa\u0107 si\u0119 i zaznaczy\u0107 swoje miejsce na rynku. Nic wi\u0119c dziwnego, \u017ce wi\u0119kszo\u015b\u0107 firm przyk\u0142ada do nich wielk\u0105 wag\u0119 i przygotowuje widowiskowe prezentacje, wystawne stoiska oraz inne elementy, kt\u00f3re maj\u0105 przyci\u0105gn\u0105\u0107 uwag\u0119 zgromadzonych. Z tego targi czy eventy bran\u017cowe to olbrzymie wyzwanie logistyczne dla ka\u017cdej firmy, kt\u00f3ra planuje si\u0119 na nich pokaza\u0107. Ponadto, nie ka\u017cda firma dysponuje pojazdami, umo\u017cliwiaj\u0105cymi transport element\u00f3w stoiska czy cz\u0119\u015bci wystawy. Chc\u0105c jak najbardziej upro\u015bci\u0107 ca\u0142e przedsi\u0119wzi\u0119cie, warto skorzysta\u0107 z pomocy do\u015bwiadczonych specjalist\u00f3w.<\/p>\n\n\n\n<h2 style=\"font-size: 24px;\">Transport i monta\u017c stoisk targowych<\/h2>\n\n\n\n<p style=\"text-align: justify;\">Jako profesjonalna firma transportowa zatrudniamy kadr\u0119 do\u015bwiadczonych pracownik\u00f3w i dysponujemy pojazdami umo\u017clwiaj\u0105cymi przew\u00f3z wysokogabarytowych przedmiot\u00f3w. Zajmujemy si\u0119 transportem oraz monta\u017cem stoisk na konferencjach i innych wydarzeniach. Swoje us\u0142ugi realizujemy w spos\u00f3b kompleksowy. Mo\u017cemy odebra\u0107 elementy konstrukcji z siedziby Twojej firmy, przewie\u017a\u0107 je na miejsce wydarzenia, a nast\u0119pnie zmontowa\u0107.<\/p>\n\n\n\n<h2 style=\"font-size: 24px;\">Obs\u0142ugujemy eventy, konferencje i targi<\/h2>\n\n\n\n<p style=\"text-align: justify;\">Doskonale rozumiemy, \u017ce Twoja firma chce si\u0119 pokaza\u0107 i zrobi\u0107 dobre wra\u017cenie na potencjalnych klientach i chcemy Ci w tym pom\u00f3c. Niezale\u017cnie od tego czy organizujesz konferencj\u0119, bierzesz udzia\u0142 w wielkich, bran\u017cowych targach czy evencie innego typu, musisz postara\u0107 si\u0119, by wszystko przebieg\u0142o zgodnie z planem. W\u0142a\u015bnie dlatego doskona\u0142ym pomys\u0142em b\u0119dzie skorzystanie z pomocy naszej firmy.<\/p>\n\n\n\n<p style=\"text-align: justify;\">Z nami b\u0119dziesz mie\u0107 pewno\u015b\u0107, \u017ce elementy konstrukcyjne Twojego stoiska dotr\u0105 na miejsce o czasie, a przez ca\u0142y czas b\u0119d\u0105 bezpieczne. Ponadto mo\u017cesz by\u0107 pewny, \u017ce wszystko zostanie dobrze zmontowane przez do\u015bwiadczonych specjalist\u00f3w. W ten spos\u00f3b zyskasz pewno\u015b\u0107, \u017ce Twoja przestrze\u0144 do prezentacji b\u0119dzie dok\u0142adnie taka, jak by\u0107 powinna. Pozostanie Ci tylko dobrze j\u0105 wykorzysta\u0107. Je\u015bli szukasz profesjonalnej firmy transportowej, czym pr\u0119dzej skontaktuj si\u0119 z nami.<\/p>","protected":false},"excerpt":{"rendered":"<p>Wszelkie targi, eventy czy imprezy firmowe to prawdziwe \u015bwi\u0119to dla ca\u0142ej bran\u017cy oraz ogromna okazja, by zaprezentowa\u0107 si\u0119 i zaznaczy\u0107 swoje miejsce na rynku. Nic wi\u0119c dziwnego, \u017ce wi\u0119kszo\u015b\u0107 firm przyk\u0142ada do nich wielk\u0105 wag\u0119 i przygotowuje widowiskowe prezentacje, wystawne stoiska oraz inne elementy, kt\u00f3re maj\u0105 przyci\u0105gn\u0105\u0107 uwag\u0119 zgromadzonych. Z [&hellip;]<\/p>","protected":false},"author":3,"featured_media":0,"parent":0,"menu_order":0,"comment_status":"closed","ping_status":"closed","template":"","meta":[],"_links":{"self":[{"href":"https:\/\/transpool.pl\/en\/wp-json\/wp\/v2\/pages\/581"}],"collection":[{"href":"https:\/\/transpool.pl\/en\/wp-json\/wp\/v2\/pages"}],"about":[{"href":"https:\/\/transpool.pl\/en\/wp-json\/wp\/v2\/types\/page"}],"author":[{"embeddable":true,"href":"https:\/\/transpool.pl\/en\/wp-json\/wp\/v2\/users\/3"}],"replies":[{"embeddable":true,"href":"https:\/\/transpool.pl\/en\/wp-json\/wp\/v2\/comments?post=581"}],"version-history":[{"count":1,"href":"https:\/\/transpool.pl\/en\/wp-json\/wp\/v2\/pages\/581\/revisions"}],"predecessor-version":[{"id":582,"href":"https:\/\/transpool.pl\/en\/wp-json\/wp\/v2\/pages\/581\/revisions\/582"}],"wp:attachment":[{"href":"https:\/\/transpool.pl\/en\/wp-json\/wp\/v2\/media?parent=581"}],"curies":[{"name":"wp","href":"https:\/\/api.w.org\/{rel}","templated":true}]}}