{"id":591,"date":"2022-07-12T12:14:37","date_gmt":"2022-07-12T10:14:37","guid":{"rendered":"https:\/\/transpool.pl\/?page_id=591"},"modified":"2022-09-30T09:05:24","modified_gmt":"2022-09-30T07:05:24","slug":"transport-scenografii","status":"publish","type":"page","link":"https:\/\/transpool.pl\/en\/transport-scenografii\/","title":{"rendered":"Transport scenografii"},"content":{"rendered":"<div class=\"wp-block-themeisle-blocks-advanced-columns has-1-columns has-desktop-equal-layout has-tablet-equal-layout has-mobile-equal-layout has-default-gap has-vertical-unset\" id=\"wp-block-themeisle-blocks-advanced-columns-e52b93e4\"><div class=\"wp-block-themeisle-blocks-advanced-columns-overlay\"><\/div><div class=\"innerblocks-wrap\">\n<div class=\"wp-block-themeisle-blocks-advanced-column\" id=\"wp-block-themeisle-blocks-advanced-column-24268515\">\n<p>Przew\u00f3z ca\u0142ego sprz\u0119tu niezb\u0119dnego do zorganizowania imprezy plenerowej mo\u017ce okaza\u0107 si\u0119 niesamowicie trudnym zadaniem, je\u017celi robimy to na w\u0142asn\u0105 r\u0119k\u0119. Aby ca\u0142y transport wyposa\u017cenia na koncerty przebieg\u0142 szybko, sprawnie i bez niespodziewanych koszt\u00f3w, lepiej zleci\u0107 wi\u0119c go profesjonalistom. A lepszych fachowc\u00f3w od obs\u0142ugi technicznej festiwali ni\u017c Transpool nie znajdziesz w ca\u0142ym kraju \u2013 mo\u017cemy si\u0119 poszczyci\u0107 ogromnym do\u015bwiadczeniem w zakresie monta\u017cu i demonta\u017cu element\u00f3w scenografii. Brali\u015bmy udzia\u0142 w organizacji m.in. takich wydarze\u0144 jak Orange Warsaw Festival, Fashion Week Poland, Open\u2019er Gdynia czy Festiwal Muzyki Tanecznej w Ostr\u00f3dzie. Pracowali\u015bmy te\u017c przy wyst\u0119pach najwi\u0119kszych gwiazd: Metallica, Depeche Mode, AC\/DC i Lenny Kravitz, wi\u0119c mo\u017cesz za\u0142o\u017cy\u0107, \u017ce bardzo dobrze znamy si\u0119 na swojej robocie. Gwarantujemy, \u017ce jako\u015b\u0107 naszych us\u0142ug spe\u0142ni wszystkie Twoje oczekiwania.<\/p>\n\n\n\n<h2>Profesjonalny transport wyposa\u017cenia na eventy<\/h2>\n\n\n\n<p>Ka\u017cde zlecenie realizujemy z zachowaniem najwy\u017cszych standard\u00f3w bezpiecze\u0144stwa i staranno\u015bci. Dzi\u0119ki nowoczesnej flocie samochodowej bez jakiegokolwiek problemu przewieziemy we wskazane miejsce potrzebny Ci sprz\u0119t nag\u0142o\u015bnieniowy i o\u015bwietleniowy, elementy stoisk gastronomicznych oraz wszelkiego rodzaju dekoracje. Kompleksowa obs\u0142uga techniczna event\u00f3w to co\u015b, co zdecydowanie wyr\u00f3\u017cnia nasz\u0105 ofert\u0119 na tle konkurencji \u2013 ch\u0119tnie przeprowadzimy dla naszych Klient\u00f3w np. monta\u017c i demonta\u017c stref barowych i meblowych zgodnie z indywidualn\u0105 specyfikacj\u0105.<\/p>\n\n\n\n<p>Z \u0142atwo\u015bci\u0105 poradzimy sobie te\u017c z transportem wyposa\u017cenia na koncerty i inne eventy, kt\u00f3re wymaga\u0107 b\u0119dzie zastosowania szczeg\u00f3lnych zabezpiecze\u0144. Je\u017celi wi\u0119c potrzebni Ci fachowcy od zada\u0144 specjalnych, wliczaj\u0105c w to przew\u00f3z telebim\u00f3w, Transpool to zawsze w\u0142a\u015bciwy adres!<\/p>\n\n\n\n<h2>Obs\u0142uga techniczna w doskona\u0142ej cenie<\/h2>\n\n\n\n<p>Do ka\u017cdego Klienta chc\u0105cego skorzysta\u0107 z naszych us\u0142ug w zakresie transportu wyposa\u017cenia na eventy lub monta\u017cu scenografii podchodzimy w pe\u0142ni indywidualnie. Wystarczy si\u0119 z nami skontaktowa\u0107, a ch\u0119tnie przygotujemy przejrzyst\u0105 wycen\u0119. Ju\u017c wkr\u00f3tce przekonasz si\u0119, \u017ce zapewniamy obs\u0142ug\u0119 techniczn\u0105 koncert\u00f3w na naprawd\u0119 bezkonkurencyjnych warunkach.<\/p>\n\n\n\n<p>Masz pytania odno\u015bnie do naszej oferty? Potrzebujesz porady w kwestii transportu wyposa\u017cenia na koncerty, festiwale i innego rodzaju eventy plenerowe? Zadzwo\u0144 do nas, fachowcy z firmy Transpool s\u0105 do Twojej dyspozycji!<\/p>\n<\/div>\n<\/div><\/div>","protected":false},"excerpt":{"rendered":"","protected":false},"author":3,"featured_media":67,"parent":0,"menu_order":0,"comment_status":"closed","ping_status":"closed","template":"","meta":[],"_links":{"self":[{"href":"https:\/\/transpool.pl\/en\/wp-json\/wp\/v2\/pages\/591"}],"collection":[{"href":"https:\/\/transpool.pl\/en\/wp-json\/wp\/v2\/pages"}],"about":[{"href":"https:\/\/transpool.pl\/en\/wp-json\/wp\/v2\/types\/page"}],"author":[{"embeddable":true,"href":"https:\/\/transpool.pl\/en\/wp-json\/wp\/v2\/users\/3"}],"replies":[{"embeddable":true,"href":"https:\/\/transpool.pl\/en\/wp-json\/wp\/v2\/comments?post=591"}],"version-history":[{"count":2,"href":"https:\/\/transpool.pl\/en\/wp-json\/wp\/v2\/pages\/591\/revisions"}],"predecessor-version":[{"id":669,"href":"https:\/\/transpool.pl\/en\/wp-json\/wp\/v2\/pages\/591\/revisions\/669"}],"wp:featuredmedia":[{"embeddable":true,"href":"https:\/\/transpool.pl\/en\/wp-json\/wp\/v2\/media\/67"}],"wp:attachment":[{"href":"https:\/\/transpool.pl\/en\/wp-json\/wp\/v2\/media?parent=591"}],"curies":[{"name":"wp","href":"https:\/\/api.w.org\/{rel}","templated":true}]}}