{"id":595,"date":"2022-09-09T11:13:24","date_gmt":"2022-09-09T09:13:24","guid":{"rendered":"https:\/\/transpool.pl\/?page_id=595"},"modified":"2022-09-30T09:05:03","modified_gmt":"2022-09-30T07:05:03","slug":"transport-eventow-i-imprez","status":"publish","type":"page","link":"https:\/\/transpool.pl\/en\/transport-eventow-i-imprez\/","title":{"rendered":"Transport event\u00f3w i imprez"},"content":{"rendered":"<div class=\"wp-block-themeisle-blocks-advanced-columns has-1-columns has-desktop-equal-layout has-tablet-equal-layout has-mobile-equal-layout has-default-gap has-vertical-unset\" id=\"wp-block-themeisle-blocks-advanced-columns-966c9921\"><div class=\"wp-block-themeisle-blocks-advanced-columns-overlay\"><\/div><div class=\"innerblocks-wrap\">\n<div class=\"wp-block-themeisle-blocks-advanced-column\" id=\"wp-block-themeisle-blocks-advanced-column-e7b4cbca\">\n<p>Aby m\u00f3g\u0142 si\u0119 odby\u0107 koncert plenerowy najwi\u0119kszych polskich i zagranicznych artyst\u00f3w, niezb\u0119dna jest realizacja zr\u00f3\u017cnicowanych zada\u0144 logistycznych. Ka\u017cde z nich mo\u017ce si\u0119 okaza\u0107 prawdziwym wyzwaniem i trudn\u0105 do przeskoczenia przeszkod\u0105, o ile tylko jego wykonawca nie ma odpowiedniego do\u015bwiadczenia b\u0105d\u017a nie dysponuje specjalistycznym sprz\u0119tem. Zar\u00f3wno w przypadku wydarze\u0144 najwy\u017cszej rangi, jak i tych o bardziej lokalnym znaczeniu, dobrze jest wi\u0119c postawi\u0107 na sprawdzone rozwi\u0105zania.<\/p>\n\n\n\n<p>Korzystaj\u0105c z us\u0142ug firmy Transpool, nie musisz si\u0119 obawia\u0107, \u017ce organizowane przez Ciebie wydarzenie przebiegnie w spos\u00f3b odmienny od za\u0142o\u017conego wcze\u015bniej planu. Zd\u0105\u017cyli\u015bmy ju\u017c sobie wyrobi\u0107 renom\u0119 w bran\u017cy, wi\u0119c je\u017celi zale\u017cy Ci na tym, aby przew\u00f3z zaopatrzenia imprezy przeprowadzony zosta\u0142 bez jakichkolwiek komplikacji, najlepiej zrobisz kontaktuj\u0105c si\u0119 z nami. Dzia\u0142ali\u015bmy ju\u017c przy wielu znanych festiwalach w ca\u0142ym kraju, niestraszny nam zatem transport i obs\u0142uga eventu, w kt\u00f3rym wezm\u0105 udzia\u0142 nawet dziesi\u0105tki tysi\u0119cy os\u00f3b!<\/p>\n\n\n\n<h2>Profesjonalny transport eventu skrojony na miar\u0119 Twoich potrzeb<\/h2>\n\n\n\n<p>Docieramy wsz\u0119dzie, gdzie tylko potrzebne jest przewiezienie r\u00f3\u017cnego rodzaju zaopatrzenia imprezy. Bezpo\u015brednio na miejsce zaplanowanego wydarzenia dostarczamy ci\u0119\u017cki sprz\u0119t nag\u0142o\u015bnieniowy i pozosta\u0142e wyposa\u017cenie niezb\u0119dne do organizacji ka\u017cdego koncertu plenerowego. Us\u0142ugi naszej firmy obejmuj\u0105 tak\u017ce oczywi\u015bcie transport sprz\u0119tu na eventy lokalne oraz wszelkiego rodzaju stoiska promocyjne. Bardzo dobrze znamy si\u0119 na monta\u017cu i demonta\u017cu stref barowych oraz stref chillout, a tak\u017ce VIP-room\u00f3w. Mo\u017cemy r\u00f3wnie\u017c w bezpieczny spos\u00f3b przewie\u017a\u0107 inne zaopatrzenie imprezy, np. artyku\u0142y o\u015bwietleniowe. Jak widzisz, do kwestii transportu wyposa\u017cenia eventowego podchodzimy w naprawd\u0119 kompleksowy spos\u00f3b!<\/p>\n\n\n\n<h2>Tw\u00f3j zaufany partner w obszarze przewozu zaopatrzenia imprezowego<\/h2>\n\n\n\n<p>Zaufali nam ju\u017c najwi\u0119ksi organizatorzy w tym kraju \u2013 na koncie mamy realizacje zada\u0144 transportowych na takie eventy, jak cho\u0107by Orange Warsaw Festiwal. Do\u0142\u0105cz do zadowolonych Klient\u00f3w naszej firmy, skorzystaj z wieloletniego do\u015bwiadczenia ekipy Transpool przy przewozie zaopatrzenia na imprezy odbywaj\u0105ce si\u0119 na terenie ca\u0142ego kraju!<\/p>\n<\/div>\n<\/div><\/div>","protected":false},"excerpt":{"rendered":"","protected":false},"author":3,"featured_media":428,"parent":0,"menu_order":0,"comment_status":"closed","ping_status":"closed","template":"","meta":[],"_links":{"self":[{"href":"https:\/\/transpool.pl\/en\/wp-json\/wp\/v2\/pages\/595"}],"collection":[{"href":"https:\/\/transpool.pl\/en\/wp-json\/wp\/v2\/pages"}],"about":[{"href":"https:\/\/transpool.pl\/en\/wp-json\/wp\/v2\/types\/page"}],"author":[{"embeddable":true,"href":"https:\/\/transpool.pl\/en\/wp-json\/wp\/v2\/users\/3"}],"replies":[{"embeddable":true,"href":"https:\/\/transpool.pl\/en\/wp-json\/wp\/v2\/comments?post=595"}],"version-history":[{"count":1,"href":"https:\/\/transpool.pl\/en\/wp-json\/wp\/v2\/pages\/595\/revisions"}],"predecessor-version":[{"id":596,"href":"https:\/\/transpool.pl\/en\/wp-json\/wp\/v2\/pages\/595\/revisions\/596"}],"wp:featuredmedia":[{"embeddable":true,"href":"https:\/\/transpool.pl\/en\/wp-json\/wp\/v2\/media\/428"}],"wp:attachment":[{"href":"https:\/\/transpool.pl\/en\/wp-json\/wp\/v2\/media?parent=595"}],"curies":[{"name":"wp","href":"https:\/\/api.w.org\/{rel}","templated":true}]}}