{"id":70,"date":"2020-01-10T21:07:30","date_gmt":"2020-01-10T20:07:30","guid":{"rendered":"http:\/\/transpool.pl\/?page_id=70"},"modified":"2022-02-28T17:28:15","modified_gmt":"2022-02-28T16:28:15","slug":"o-nas","status":"publish","type":"page","link":"https:\/\/transpool.pl\/en\/transport\/o-nas\/","title":{"rendered":"About us"},"content":{"rendered":"<p><span><strong>Transpool<\/strong> is a Warsaw transport company that recognizes the ultimate customer satisfaction as the highest value. We are an experienced team that cares about the exceptional professionalism of services rendered, as well as maintaining attractive and competitive prices.&nbsp;<\/span><\/p>\n\n\n<p class=\"has-text-align-center\"><strong>Become our customer!<\/strong><\/p>\n\n\n\n<p><strong>Punctuality and reliability are the aspects on which we place the greatest emphasis<\/strong>.<br>We address our offer to private individuals, institutions and companies. We are happy to establish permanent cooperation, thanks to which we can offer attractive discounts. <\/p>\n\n\n\n<p><strong>As a few, we are a participant in the RELIABLE COMPANY program. <\/strong><\/p>\n\n\n\n<p class=\"has-text-align-center\"><strong><a href=\"https:\/\/www.rzetelnafirma.pl\/SGL10L34\" target=\"_blank\" rel=\"noreferrer noopener\" aria-label=\"Sprawd\u017a nasz aktualny certyfikat! (otwiera si\u0119 na nowej zak\u0142adce)\">Check our current certificate!<\/a><\/strong><\/p>\n\n\n\n<figure class=\"wp-block-image size-large\"><img loading=\"lazy\" width=\"714\" height=\"389\" src=\"https:\/\/transpool.pl\/wp-content\/uploads\/2020\/03\/bg_certyficate_big-1.png\" alt=\"\" class=\"wp-image-439\" srcset=\"https:\/\/transpool.pl\/wp-content\/uploads\/2020\/03\/bg_certyficate_big-1.png 714w, https:\/\/transpool.pl\/wp-content\/uploads\/2020\/03\/bg_certyficate_big-1-300x163.png 300w\" sizes=\"(max-width: 714px) 100vw, 714px\" \/><\/figure>\n\n\n\n<p>WHAT IS IT<strong>&nbsp;<\/strong>IS A RELIABLE COMPANY PROGRAM?<\/p>\n\n\n\n<p>Rzetelna Firma&nbsp;to program dla ka\u017cdego przedsi\u0119biorcy, kt\u00f3ry chce pokaza\u0107, \u017ce&nbsp;<strong>reliability and honesty<\/strong>&nbsp;in business it is the most important for him. It allows for&nbsp;<strong>building a positive image<\/strong>&nbsp;your company as&nbsp;<strong>reliable and solvent<\/strong>. Uczestnicy&nbsp; programu otrzymuj\u0105 Certyfikat Rzetelno\u015bci, kt\u00f3ry&nbsp;<strong>confirms the absence of outstanding commitments<\/strong>&nbsp;listed in the National Debt Register BIG SA.<\/p>\n\n\n\n<p>The certificate is issued in the traditional form and in electronic form - updated on a regular basis, available online. Thanks to this he is&nbsp;<strong>objective information about the reliability and solvency of companies<\/strong>y.<\/p>\n\n\n\n<p>A reliable company already brings together more than\u00a0<strong>40 000<\/strong>\u00a0enterprises from all branches of the economy. <\/p>\n\n\n\n<p>Przedsi\u0119biorca uzyska\u0142 subwencj\u0119 finansow\u0105 w ramach programu rz\u0105dowego <strong>&#8222;Tarcza Finansowa 2.0 Polskiego Funduszu Rozwoju dla Mikro, Ma\u0142ych i \u015arednich Firm&#8221;<\/strong> udzielon\u0105 przez PFR S.A.<\/p>","protected":false},"excerpt":{"rendered":"<p>Transpool to warszawska firma transportowa, kt\u00f3ra za najwy\u017csz\u0105 warto\u015b\u0107 uznaje ostateczn\u0105 satysfakcj\u0119 Klient\u00f3w. Jeste\u015bmy do\u015bwiadczonym zespo\u0142em, dbaj\u0105cym o wyj\u0105tkowy profesjonalizm \u015bwiadczonych us\u0142ug, jak r\u00f3wnie\u017c o zachowanie atrakcyjnych i konkurencyjnych cen.&nbsp; Zosta\u0144 naszym klientem! Punktualno\u015b\u0107 i rzetelno\u015b\u0107 to aspekty na kt\u00f3re k\u0142adziemy najwi\u0119kszy nacisk.Swoj\u0105 ofert\u0119 kierujemy zar\u00f3wno do os\u00f3b prywatnych, instytucji [&hellip;]<\/p>","protected":false},"author":1,"featured_media":275,"parent":88,"menu_order":0,"comment_status":"closed","ping_status":"closed","template":"","meta":[],"_links":{"self":[{"href":"https:\/\/transpool.pl\/en\/wp-json\/wp\/v2\/pages\/70"}],"collection":[{"href":"https:\/\/transpool.pl\/en\/wp-json\/wp\/v2\/pages"}],"about":[{"href":"https:\/\/transpool.pl\/en\/wp-json\/wp\/v2\/types\/page"}],"author":[{"embeddable":true,"href":"https:\/\/transpool.pl\/en\/wp-json\/wp\/v2\/users\/1"}],"replies":[{"embeddable":true,"href":"https:\/\/transpool.pl\/en\/wp-json\/wp\/v2\/comments?post=70"}],"version-history":[{"count":5,"href":"https:\/\/transpool.pl\/en\/wp-json\/wp\/v2\/pages\/70\/revisions"}],"predecessor-version":[{"id":572,"href":"https:\/\/transpool.pl\/en\/wp-json\/wp\/v2\/pages\/70\/revisions\/572"}],"up":[{"embeddable":true,"href":"https:\/\/transpool.pl\/en\/wp-json\/wp\/v2\/pages\/88"}],"wp:featuredmedia":[{"embeddable":true,"href":"https:\/\/transpool.pl\/en\/wp-json\/wp\/v2\/media\/275"}],"wp:attachment":[{"href":"https:\/\/transpool.pl\/en\/wp-json\/wp\/v2\/media?parent=70"}],"curies":[{"name":"wp","href":"https:\/\/api.w.org\/{rel}","templated":true}]}}