{"id":88,"date":"2020-01-10T21:26:29","date_gmt":"2020-01-10T20:26:29","guid":{"rendered":"http:\/\/transpool.pl\/index.php\/hestia-front\/"},"modified":"2023-12-20T10:12:28","modified_gmt":"2023-12-20T09:12:28","slug":"transport","status":"publish","type":"page","link":"https:\/\/transpool.pl\/en\/","title":{"rendered":"Transpool"},"content":{"rendered":"<h3 class=\"has-text-align-center\">About us<\/h3>\n\n\n\n<p><strong>Transport company<\/strong> Transpool testifies<strong> transport services in Warsaw<\/strong>, as well as other cities in Poland. Our greatest value is providing clients with services at the highest level. We are distinguished from other transport companies by a young, energetic, always smiling team. Our staff is characterized by <strong>a huge experience<\/strong>, as well as high personal culture, thanks to which he knows how to meet the expectations of the most demanding customers and adapt to their individual requirements. If you're interested <strong>cheap transport<\/strong> and <strong>cheap removals<\/strong>and at the same time you value efficiency and professionalism, we encourage you to take advantage of our offer. Transpool is<strong> top-level transport<\/strong>. <\/p>","protected":false},"excerpt":{"rendered":"<p>O nas Firma transportowa Transpool \u015bwiadczy us\u0142ugi transportowe na terenie Warszawy, a tak\u017ce innych miast w Polsce. Nasz\u0105 najwi\u0119ksz\u0105 warto\u015bci\u0105 jest zapewnienie klientom us\u0142ug na najwy\u017cszym poziomie. Spo\u015br\u00f3d innych firm transportowych wyr\u00f3\u017cnia nas m\u0142oda, energiczna, zawsze u\u015bmiechni\u0119ta ekipa. Nasza kadra cechuje si\u0119 ogromnym do\u015bwiadczeniem, jak r\u00f3wnie\u017c wysok\u0105 kultur\u0105 osobist\u0105, dzi\u0119ki [&hellip;]<\/p>","protected":false},"author":1,"featured_media":67,"parent":0,"menu_order":0,"comment_status":"closed","ping_status":"closed","template":"","meta":[],"_links":{"self":[{"href":"https:\/\/transpool.pl\/en\/wp-json\/wp\/v2\/pages\/88"}],"collection":[{"href":"https:\/\/transpool.pl\/en\/wp-json\/wp\/v2\/pages"}],"about":[{"href":"https:\/\/transpool.pl\/en\/wp-json\/wp\/v2\/types\/page"}],"author":[{"embeddable":true,"href":"https:\/\/transpool.pl\/en\/wp-json\/wp\/v2\/users\/1"}],"replies":[{"embeddable":true,"href":"https:\/\/transpool.pl\/en\/wp-json\/wp\/v2\/comments?post=88"}],"version-history":[{"count":10,"href":"https:\/\/transpool.pl\/en\/wp-json\/wp\/v2\/pages\/88\/revisions"}],"predecessor-version":[{"id":427,"href":"https:\/\/transpool.pl\/en\/wp-json\/wp\/v2\/pages\/88\/revisions\/427"}],"wp:featuredmedia":[{"embeddable":true,"href":"https:\/\/transpool.pl\/en\/wp-json\/wp\/v2\/media\/67"}],"wp:attachment":[{"href":"https:\/\/transpool.pl\/en\/wp-json\/wp\/v2\/media?parent=88"}],"curies":[{"name":"wp","href":"https:\/\/api.w.org\/{rel}","templated":true}]}}